{"id":6,"date":"2025-12-19T01:49:19","date_gmt":"2025-12-19T01:49:19","guid":{"rendered":"https:\/\/murielfaure.fr\/?page_id=6"},"modified":"2026-02-10T10:26:15","modified_gmt":"2026-02-10T10:26:15","slug":"accueil","status":"publish","type":"page","link":"https:\/\/murielfaure.fr\/","title":{"rendered":"Pr\u00e9sentation"},"content":{"rendered":"\n<div class=\"wp-block-cover alignfull is-light\"><img loading=\"lazy\" decoding=\"async\" width=\"1920\" height=\"800\" class=\"wp-block-cover__image-background wp-image-44 size-full\" alt=\"\" src=\"https:\/\/murielfaure.fr\/wp-content\/uploads\/2025\/12\/MF-visuel-fond-organique.jpg\" data-object-fit=\"cover\" srcset=\"https:\/\/murielfaure.fr\/wp-content\/uploads\/2025\/12\/MF-visuel-fond-organique.jpg 1920w, https:\/\/murielfaure.fr\/wp-content\/uploads\/2025\/12\/MF-visuel-fond-organique-300x125.jpg 300w, https:\/\/murielfaure.fr\/wp-content\/uploads\/2025\/12\/MF-visuel-fond-organique-1024x427.jpg 1024w, https:\/\/murielfaure.fr\/wp-content\/uploads\/2025\/12\/MF-visuel-fond-organique-768x320.jpg 768w, https:\/\/murielfaure.fr\/wp-content\/uploads\/2025\/12\/MF-visuel-fond-organique-1536x640.jpg 1536w\" sizes=\"auto, (max-width: 1920px) 100vw, 1920px\" \/><span aria-hidden=\"true\" class=\"wp-block-cover__background has-background-dim\" style=\"background-color:#e8e9f6\"><\/span><div class=\"wp-block-cover__inner-container has-global-padding is-layout-constrained wp-block-cover-is-layout-constrained\">\n<figure class=\"wp-block-image aligncenter size-large is-resized\"><img loading=\"lazy\" decoding=\"async\" width=\"614\" height=\"1024\" src=\"https:\/\/murielfaure.fr\/wp-content\/uploads\/2025\/12\/MFAU-LOGO-seul-1-614x1024.png\" alt=\"\" class=\"wp-image-65\" style=\"aspect-ratio:0.5996147335240207;width:64px;height:auto\" srcset=\"https:\/\/murielfaure.fr\/wp-content\/uploads\/2025\/12\/MFAU-LOGO-seul-1-614x1024.png 614w, https:\/\/murielfaure.fr\/wp-content\/uploads\/2025\/12\/MFAU-LOGO-seul-1-180x300.png 180w, https:\/\/murielfaure.fr\/wp-content\/uploads\/2025\/12\/MFAU-LOGO-seul-1.png 645w\" sizes=\"auto, (max-width: 614px) 100vw, 614px\" \/><\/figure>\n\n\n\n<h1 class=\"wp-block-heading has-text-align-center is-style-text-display is-style-text-display--1\">Muriel Faure<\/h1>\n\n\n\n<p class=\"has-text-align-center is-style-text-subtitle has-medium-font-size is-style-text-subtitle--2\">Psychologue clinicienne \u2022 Psychoth\u00e9rapeute<\/p>\n\n\n\n<p class=\"has-text-align-center has-accent-1-color has-text-color has-link-color wp-elements-e2368d8c03dad123155a2751ce6f4ef2\"><strong>Somatic Experiencing \u2022 NARM<\/strong><\/p>\n<\/div><\/div>\n\n\n\n<figure class=\"wp-block-image alignfull size-large\" style=\"margin-top:0;margin-bottom:0\"><img loading=\"lazy\" decoding=\"async\" width=\"1024\" height=\"427\" src=\"https:\/\/murielfaure.fr\/wp-content\/uploads\/2025\/12\/MF-visuel-Feldenkreis-femme-rose-1024x427.jpg\" alt=\"\" class=\"wp-image-49\" srcset=\"https:\/\/murielfaure.fr\/wp-content\/uploads\/2025\/12\/MF-visuel-Feldenkreis-femme-rose-1024x427.jpg 1024w, https:\/\/murielfaure.fr\/wp-content\/uploads\/2025\/12\/MF-visuel-Feldenkreis-femme-rose-300x125.jpg 300w, https:\/\/murielfaure.fr\/wp-content\/uploads\/2025\/12\/MF-visuel-Feldenkreis-femme-rose-768x320.jpg 768w, https:\/\/murielfaure.fr\/wp-content\/uploads\/2025\/12\/MF-visuel-Feldenkreis-femme-rose-1536x640.jpg 1536w, https:\/\/murielfaure.fr\/wp-content\/uploads\/2025\/12\/MF-visuel-Feldenkreis-femme-rose.jpg 1920w\" sizes=\"auto, (max-width: 1024px) 100vw, 1024px\" \/><\/figure>\n\n\n\n<h2 class=\"wp-block-heading is-style-text-display is-style-text-display--3\">Pr\u00e9sentation<\/h2>\n\n\n\n<h3 class=\"wp-block-heading has-accent-1-color has-text-color has-link-color wp-elements-80a4b278ab592cc5f007bc25081b219d\">Je suis psychologue clinicienne depuis 1994.<\/h3>\n\n\n\n<p><\/p>\n\n\n\n<p>Passionn\u00e9e par le potentiel universel et exceptionnel de notre corps. Je me suis form\u00e9e \u00e0 la M\u00e9thode Feldenkrais (2002 \u00e0 2006) puis au Sexocorporel (2018 \u00e0 2023).<\/p>\n\n\n\n<p>Admirative des capacit\u00e9s de chaque humain \u00e0 s\u2019adapter, d\u00e8s notre plus jeune \u00e2ge, \u00e0 un environnement instable, que nous n\u2019avons pas choisi. Je me suis int\u00e9ress\u00e9e au fonctionnement du syst\u00e8me nerveux et \u00e0 la r\u00e9solution des traces traumatiques.&nbsp;<\/p>\n\n\n\n<p>J\u2019ai suivi la formation Somatic Exp\u00e9riencing (2022 \u00e0 2024) cr\u00e9\u00e9e par Peter Levine qui explore les traumatismes de chocs. Ensuite, j\u2019ai approfondi mes connaissances sur les traumatismes complexes avec la formation NARM (2024 \u00e0 2026) con\u00e7ue par Larry Heller&nbsp;<\/p>\n\n\n\n<p>Enracin\u00e9e au sein de plusieurs \u00e9quipes pluridisciplinaires dans un CSAPA et un PAEJ, en lib\u00e9ral, j\u2019accompagne des \u00e9quipes dans des temps d\u2019Analyse de la Pratique Professionnelle et des professionnels en supervision individuelle.<\/p>\n\n\n\n<p>B\u00e9n\u00e9vole, je suis engag\u00e9e \u00e0 favoriser le consentement et la lutte contre les violences.&nbsp; Au sein de l\u2019association SVS, j\u2019anime des formations, des cercles de paroles, des d\u00e9bats, des ateliers\u2026&nbsp;<\/p>\n\n\n\n<p>Notre ancrage, nos appuis corporels repr\u00e9sentent notre premi\u00e8re base de s\u00e9curit\u00e9.<\/p>\n\n\n\n<p>La perception de nos contours corporels dans les trois dimensions d\u00e9finit notre espace int\u00e9rieur qui repr\u00e9sente notre deuxi\u00e8me base de s\u00e9curit\u00e9.<\/p>\n\n\n\n<p>A partir d\u2019un espace s\u00e9curis\u00e9, l\u2019observation spontan\u00e9e&nbsp;: de nos mouvements d\u00e9ploy\u00e9s dans l\u2019espace et nos impulsions int\u00e9rieures (sensations corporelles, \u00e9motions, images et pens\u00e9es), se trouve au centre de mon travail.&nbsp;<\/p>\n\n\n\n<p>Dans le pr\u00e9sent, d\u00e9velopper nos aptitudes \u00e0 nous s\u00e9curiser, \u00e0 \u00eatre \u00e0 l\u2019\u00e9coute de l\u2019ensemble de nos besoins, nous invite \u00e0 nous d\u00e9couvrir authentiquement, \u00e0 nous ouvrir aux autres et aux plaisirs de la vie.&nbsp;<\/p>\n\n\n\n<div style=\"height:45px\" aria-hidden=\"true\" class=\"wp-block-spacer\"><\/div>\n\n\n\n<h2 class=\"wp-block-heading has-accent-1-color has-text-color has-link-color has-large-font-size wp-elements-c12f62924c89d76f946b466aa614fd07\"><strong>Liens&nbsp;:<\/strong><\/h2>\n\n\n\n<p class=\"has-accent-1-color has-text-color has-link-color wp-elements-90b76454d16a243dec5d1475ca1692d3\"><a href=\"https:\/\/www.feldenkrais-france.org\/\" target=\"_blank\" rel=\"noreferrer noopener\">Feldenkrais France, l&#8217;association des praticiens certifi\u00e9s de la m\u00e9thode<\/a><\/p>\n\n\n\n<p class=\"has-accent-1-color has-text-color has-link-color wp-elements-1fc3392e707f868bd7f77b2a00e237ac\"><a href=\"https:\/\/cfsf.fr\/\" target=\"_blank\" rel=\"noreferrer noopener\">Centre de Formation en Sexocorporel \u2013 CFSF France<\/a><\/p>\n\n\n\n<p class=\"has-accent-1-color has-text-color has-link-color wp-elements-8f5f080f6cdb98d72c5afce5441acd55\"><a href=\"https:\/\/www.apf-somatic-experiencing.com\/\" target=\"_blank\" rel=\"noreferrer noopener\">La Somatic Experiencing, une th\u00e9rapie en cas de trauma<\/a><\/p>\n\n\n\n<p class=\"has-accent-1-color has-text-color has-link-color wp-elements-794a32ab71d383fe765bbc655a2342f4\"><a href=\"https:\/\/narm.be\/accueil\" target=\"_blank\" rel=\"noreferrer noopener\">Formation NARM &#8211; Home<\/a><\/p>\n\n\n\n<p class=\"has-accent-1-color has-text-color has-link-color wp-elements-23a311a7007af25cde9474a90e6c5230\"><a href=\"https:\/\/svs-dromeardeche.fr\/\" target=\"_blank\" rel=\"noreferrer noopener\">Lutte contre les violences sexuelles en Dr\u00f4me et Ard\u00e8che | SVS Dr\u00f4me Ard\u00e8che<\/a><\/p>\n\n\n\n<div style=\"height:45px\" aria-hidden=\"true\" class=\"wp-block-spacer\"><\/div>\n\n\n\n<figure class=\"wp-block-pullquote alignfull\"><blockquote><p>\u00ab\u00a0Le principe est le suivant\u00a0: c\u2019est le patient qui d\u00e9tient les r\u00e9ponses \u00bb<\/p><cite><br>Donald Winnicott<\/cite><\/blockquote><\/figure>\n\n\n\n<aside class=\"wp-block-group alignfull is-style-section-3 has-global-padding is-layout-constrained wp-container-core-group-is-layout-f0f2a97b wp-block-group-is-layout-constrained is-style-section-3--4\" style=\"margin-top:0;margin-bottom:0;padding-top:var(--wp--preset--spacing--50);padding-right:var(--wp--preset--spacing--50);padding-bottom:var(--wp--preset--spacing--50);padding-left:var(--wp--preset--spacing--50)\">\n<div class=\"wp-block-group has-global-padding is-layout-constrained wp-block-group-is-layout-constrained\">\n<div class=\"wp-block-columns is-layout-flex wp-container-core-columns-is-layout-28f84493 wp-block-columns-is-layout-flex\">\n<div class=\"wp-block-column is-layout-flow wp-block-column-is-layout-flow\">\n<h3 class=\"wp-block-heading has-text-align-center has-base-color has-text-color has-link-color wp-elements-9fe22cb6c7005ad06b4096bd633ddc9d\"><span class=\"wp-rich-text-font-awesome-icon wp-font-awesome-icon\"><svg aria-hidden=\"true\" focusable=\"false\" data-prefix=\"fas\" data-icon=\"house\" class=\"svg-inline--fa fa-house \" role=\"img\" xmlns=\"http:\/\/www.w3.org\/2000\/svg\" viewBox=\"0 0 512 512\"><path fill=\"currentColor\" d=\"M277.8 8.6c-12.3-11.4-31.3-11.4-43.5 0l-224 208c-9.6 9-12.8 22.9-8 35.1S18.8 272 32 272l16 0 0 176c0 35.3 28.7 64 64 64l288 0c35.3 0 64-28.7 64-64l0-176 16 0c13.2 0 25-8.1 29.8-20.3s1.6-26.2-8-35.1l-224-208zM240 320l32 0c26.5 0 48 21.5 48 48l0 96-128 0 0-96c0-26.5 21.5-48 48-48z\"><\/path><\/svg><\/span><\/h3>\n\n\n\n<h3 class=\"wp-block-heading has-text-align-center has-base-color has-text-color has-link-color wp-elements-9d05627f17e02f5592a24794b68afc0b\">LE CABINET<\/h3>\n\n\n\n<p class=\"has-text-align-center is-style-default has-base-color has-text-color has-link-color wp-elements-e88dcf5edd404b6edbbbb0802740dde4\"><a href=\"https:\/\/www.google.com\/maps\/search\/?api=1&amp;query=Maison+de+Sant\u00e9+du+Val+de+Ligne+5+all\u00e9e+Andr\u00e9+Monteil+07110+Largenti\u00e8re\" data-type=\"link\" data-id=\"https:\/\/www.google.com\/maps\/search\/?api=1&amp;query=Maison+de+Sant\u00e9+du+Val+de+Ligne+5+all\u00e9e+Andr\u00e9+Monteil+07110+Largenti\u00e8re\" target=\"_blank\" rel=\"noreferrer noopener\"><strong>Maison de Sant\u00e9 du Val de Ligne<br><\/strong>5, all\u00e9e Andr\u00e9 Monteil<br>07110 Largenti\u00e8re<\/a><\/p>\n\n\n\n<p><\/p>\n<\/div>\n\n\n\n<div class=\"wp-block-column is-layout-flow wp-block-column-is-layout-flow\">\n<h3 class=\"wp-block-heading has-text-align-center has-base-color has-text-color has-link-color wp-elements-089cdaf9b483e2e9a019b3832f4a43b3\"><span class=\"wp-rich-text-font-awesome-icon wp-font-awesome-icon\"><svg aria-hidden=\"true\" focusable=\"false\" data-prefix=\"fas\" data-icon=\"clock\" class=\"svg-inline--fa fa-clock \" role=\"img\" xmlns=\"http:\/\/www.w3.org\/2000\/svg\" viewBox=\"0 0 512 512\"><path fill=\"currentColor\" d=\"M256 0a256 256 0 1 1 0 512 256 256 0 1 1 0-512zM232 120l0 136c0 8 4 15.5 10.7 20l96 64c11 7.4 25.9 4.4 33.3-6.7s4.4-25.9-6.7-33.3L280 243.2 280 120c0-13.3-10.7-24-24-24s-24 10.7-24 24z\"><\/path><\/svg><\/span><\/h3>\n\n\n\n<h3 class=\"wp-block-heading has-text-align-center has-base-color has-text-color has-link-color wp-elements-cdb233f0437f91a5818df2ddbd88f2c7\">LES HORAIRES<\/h3>\n\n\n\n<p class=\"has-text-align-center is-style-default has-base-color has-text-color has-link-color wp-elements-2238211a2d8be1a37e6df34526ac0e8a\"><strong>M<\/strong>ercredi, Jeudi, Vendredi et Samedi matin<\/p>\n\n\n\n<p><\/p>\n<\/div>\n\n\n\n<div class=\"wp-block-column is-layout-flow wp-block-column-is-layout-flow\">\n<h3 class=\"wp-block-heading has-text-align-center has-base-color has-text-color has-link-color wp-elements-4c763c52c0adc9d08daf305698d575d9\"><span class=\"wp-rich-text-font-awesome-icon wp-font-awesome-icon\"><svg aria-hidden=\"true\" focusable=\"false\" data-prefix=\"fas\" data-icon=\"phone\" class=\"svg-inline--fa fa-phone \" role=\"img\" xmlns=\"http:\/\/www.w3.org\/2000\/svg\" viewBox=\"0 0 512 512\"><path fill=\"currentColor\" d=\"M160.2 25C152.3 6.1 131.7-3.9 112.1 1.4l-5.5 1.5c-64.6 17.6-119.8 80.2-103.7 156.4 37.1 175 174.8 312.7 349.8 349.8 76.3 16.2 138.8-39.1 156.4-103.7l1.5-5.5c5.4-19.7-4.7-40.3-23.5-48.1l-97.3-40.5c-16.5-6.9-35.6-2.1-47 11.8l-38.6 47.2C233.9 335.4 177.3 277 144.8 205.3L189 169.3c13.9-11.3 18.6-30.4 11.8-47L160.2 25z\"><\/path><\/svg><\/span><\/h3>\n\n\n\n<h3 class=\"wp-block-heading has-text-align-center has-base-color has-text-color has-link-color wp-elements-b9f5e838f9fb4b8051ee5cb47c9e9811\">CONTACT<\/h3>\n\n\n\n<p class=\"has-text-align-center is-style-default has-base-color has-text-color has-link-color wp-elements-9e2ad26a809444e4ec858e39c7243558\"><strong>06 72 26 40 80<\/strong><br>muriel.faure07110(at)gmail.com<\/p>\n\n\n\n<p><\/p>\n<\/div>\n<\/div>\n<\/div>\n<\/aside>\n\n\n\n<figure class=\"wp-block-pullquote alignfull\"><blockquote><p>\u00ab\u00a0Le bonheur de demain n\u2019existe pas.<br>Le bonheur, c\u2019est tout de suite ou jamais.<br>Ce n\u2019est pas organiser, enrichir, dorer, capitonner la vie<br>mais savoir la go\u00fbter \u00e0 tout instant\u00a0\u00bb<\/p><cite><br><br>Ren\u00e9 Barjavel<\/cite><\/blockquote><\/figure>\n\n\n\n<div class=\"wp-block-columns is-layout-flex wp-container-core-columns-is-layout-28f84493 wp-block-columns-is-layout-flex\">\n<div class=\"wp-block-column is-layout-flow wp-block-column-is-layout-flow\"><\/div>\n\n\n\n<div class=\"wp-block-column is-layout-flow wp-block-column-is-layout-flow\"><\/div>\n\n\n\n<div class=\"wp-block-column is-layout-flow wp-block-column-is-layout-flow\"><\/div>\n<\/div>\n","protected":false},"excerpt":{"rendered":"<p>Pr\u00e9sentation Je suis psychologue clinicienne depuis 1994. Passionn\u00e9e par le potentiel universel et exceptionnel de notre corps. Je me suis form\u00e9e \u00e0 la M\u00e9thode Feldenkrais (2002 \u00e0 2006) puis au Sexocorporel (2018 \u00e0 2023). Admirative des capacit\u00e9s de chaque humain \u00e0 s\u2019adapter, d\u00e8s notre plus jeune \u00e2ge, \u00e0 un environnement instable, que nous n\u2019avons pas [&hellip;]<\/p>\n","protected":false},"author":1,"featured_media":0,"parent":0,"menu_order":1,"comment_status":"closed","ping_status":"closed","template":"page-no-title","meta":{"footnotes":""},"class_list":["post-6","page","type-page","status-publish","hentry"],"_links":{"self":[{"href":"https:\/\/murielfaure.fr\/index.php?rest_route=\/wp\/v2\/pages\/6","targetHints":{"allow":["GET"]}}],"collection":[{"href":"https:\/\/murielfaure.fr\/index.php?rest_route=\/wp\/v2\/pages"}],"about":[{"href":"https:\/\/murielfaure.fr\/index.php?rest_route=\/wp\/v2\/types\/page"}],"author":[{"embeddable":true,"href":"https:\/\/murielfaure.fr\/index.php?rest_route=\/wp\/v2\/users\/1"}],"replies":[{"embeddable":true,"href":"https:\/\/murielfaure.fr\/index.php?rest_route=%2Fwp%2Fv2%2Fcomments&post=6"}],"version-history":[{"count":45,"href":"https:\/\/murielfaure.fr\/index.php?rest_route=\/wp\/v2\/pages\/6\/revisions"}],"predecessor-version":[{"id":274,"href":"https:\/\/murielfaure.fr\/index.php?rest_route=\/wp\/v2\/pages\/6\/revisions\/274"}],"wp:attachment":[{"href":"https:\/\/murielfaure.fr\/index.php?rest_route=%2Fwp%2Fv2%2Fmedia&parent=6"}],"curies":[{"name":"wp","href":"https:\/\/api.w.org\/{rel}","templated":true}]}}