{"id":246,"date":"2026-02-03T08:25:44","date_gmt":"2026-02-03T08:25:44","guid":{"rendered":"https:\/\/murielfaure.fr\/?page_id=246"},"modified":"2026-02-03T08:25:44","modified_gmt":"2026-02-03T08:25:44","slug":"politique-de-confidentialite","status":"publish","type":"page","link":"https:\/\/murielfaure.fr\/?page_id=246","title":{"rendered":"Politique de confidentialit\u00e9"},"content":{"rendered":"\n<p>Le pr\u00e9sent site respecte la vie priv\u00e9e de ses utilisateurs et s\u2019engage \u00e0 prot\u00e9ger les donn\u00e9es personnelles conform\u00e9ment au R\u00e8glement G\u00e9n\u00e9ral sur la Protection des Donn\u00e9es (RGPD).<\/p>\n\n\n\n<p><\/p>\n\n\n\n<h3 class=\"wp-block-heading\">Donn\u00e9es collect\u00e9es<\/h3>\n\n\n\n<p>Ce site ne collecte des donn\u00e9es personnelles que lorsque vous prenez contact volontairement, notamment via :<\/p>\n\n\n\n<ul class=\"wp-block-list\">\n<li>l\u2019envoi d\u2019un e-mail,<\/li>\n\n\n\n<li>un formulaire de contact (le cas \u00e9ch\u00e9ant).<\/li>\n<\/ul>\n\n\n\n<p>Les donn\u00e9es collect\u00e9es peuvent inclure : nom, pr\u00e9nom, adresse e-mail et message.<\/p>\n\n\n\n<p><\/p>\n\n\n\n<h3 class=\"wp-block-heading\">Finalit\u00e9 de la collecte<\/h3>\n\n\n\n<p>Les donn\u00e9es sont utilis\u00e9es uniquement pour :<\/p>\n\n\n\n<ul class=\"wp-block-list\">\n<li>r\u00e9pondre \u00e0 votre demande,<\/li>\n\n\n\n<li>\u00e9changer dans le cadre d\u2019une prise de contact ou d\u2019une organisation de s\u00e9ance ou de stage.<\/li>\n<\/ul>\n\n\n\n<p><strong>Dur\u00e9e de conservation<\/strong><br>Les donn\u00e9es sont conserv\u00e9es uniquement le temps n\u00e9cessaire au traitement de votre demande.<\/p>\n\n\n\n<p><\/p>\n\n\n\n<h3 class=\"wp-block-heading\">Partage des donn\u00e9es<\/h3>\n\n\n\n<p>Aucune donn\u00e9e personnelle n\u2019est c\u00e9d\u00e9e ou vendue \u00e0 des tiers.<\/p>\n\n\n\n<p><\/p>\n\n\n\n<h3 class=\"wp-block-heading\">Cookies<\/h3>\n\n\n\n<p>Ce site n\u2019utilise pas de cookies \u00e0 des fins publicitaires ou de suivi marketing.<br>Des cookies techniques peuvent \u00eatre utilis\u00e9s pour assurer le bon fonctionnement du site.<\/p>\n\n\n\n<p><\/p>\n\n\n\n<h3 class=\"wp-block-heading\">Droits des utilisateurs<\/h3>\n\n\n\n<p>Conform\u00e9ment \u00e0 la r\u00e9glementation, vous disposez d\u2019un droit d\u2019acc\u00e8s, de rectification et de suppression de vos donn\u00e9es.<br>Pour exercer ces droits, vous pouvez \u00e9crire \u00e0 : <a>muriel.faure07110@gmail.com<\/a><\/p>\n","protected":false},"excerpt":{"rendered":"<p>Le pr\u00e9sent site respecte la vie priv\u00e9e de ses utilisateurs et s\u2019engage \u00e0 prot\u00e9ger les donn\u00e9es personnelles conform\u00e9ment au R\u00e8glement G\u00e9n\u00e9ral sur la Protection des Donn\u00e9es (RGPD). Donn\u00e9es collect\u00e9es Ce site ne collecte des donn\u00e9es personnelles que lorsque vous prenez contact volontairement, notamment via : Les donn\u00e9es collect\u00e9es peuvent inclure : nom, pr\u00e9nom, adresse e-mail [&hellip;]<\/p>\n","protected":false},"author":2,"featured_media":0,"parent":0,"menu_order":0,"comment_status":"closed","ping_status":"closed","template":"","meta":{"footnotes":""},"class_list":["post-246","page","type-page","status-publish","hentry"],"_links":{"self":[{"href":"https:\/\/murielfaure.fr\/index.php?rest_route=\/wp\/v2\/pages\/246","targetHints":{"allow":["GET"]}}],"collection":[{"href":"https:\/\/murielfaure.fr\/index.php?rest_route=\/wp\/v2\/pages"}],"about":[{"href":"https:\/\/murielfaure.fr\/index.php?rest_route=\/wp\/v2\/types\/page"}],"author":[{"embeddable":true,"href":"https:\/\/murielfaure.fr\/index.php?rest_route=\/wp\/v2\/users\/2"}],"replies":[{"embeddable":true,"href":"https:\/\/murielfaure.fr\/index.php?rest_route=%2Fwp%2Fv2%2Fcomments&post=246"}],"version-history":[{"count":1,"href":"https:\/\/murielfaure.fr\/index.php?rest_route=\/wp\/v2\/pages\/246\/revisions"}],"predecessor-version":[{"id":247,"href":"https:\/\/murielfaure.fr\/index.php?rest_route=\/wp\/v2\/pages\/246\/revisions\/247"}],"wp:attachment":[{"href":"https:\/\/murielfaure.fr\/index.php?rest_route=%2Fwp%2Fv2%2Fmedia&parent=246"}],"curies":[{"name":"wp","href":"https:\/\/api.w.org\/{rel}","templated":true}]}}