{"id":243,"date":"2026-02-03T08:18:28","date_gmt":"2026-02-03T08:18:28","guid":{"rendered":"https:\/\/murielfaure.fr\/?page_id=243"},"modified":"2026-02-03T08:18:28","modified_gmt":"2026-02-03T08:18:28","slug":"mentions-legales","status":"publish","type":"page","link":"https:\/\/murielfaure.fr\/?page_id=243","title":{"rendered":"Mentions l\u00e9gales"},"content":{"rendered":"\n<h3 class=\"wp-block-heading\">\u00c9diteur du site<\/h3>\n\n\n\n<p>Nom : Muriel Faure<br>Statut : Profession lib\u00e9rale<br>Adresse professionnelle : Maison de sant\u00e9 du Val de Ligne,<br>5 all\u00e9e Andr\u00e9 Monteil, 07110 Largenti\u00e8re<br>Adresse e-mail : <a>muriel.faure07110@gmail.com<\/a><\/p>\n\n\n\n<p><\/p>\n\n\n\n<h3 class=\"wp-block-heading\">Responsable de la publication<\/h3>\n\n\n\n<p><strong>Responsable de la publication<\/strong><br>Muriel Faure<\/p>\n\n\n\n<p><\/p>\n\n\n\n<h3 class=\"wp-block-heading\">H\u00e9bergement<\/h3>\n\n\n\n<p>Le site est h\u00e9berg\u00e9 par :<br><strong>OVH SAS<\/strong><br>2 rue Kellermann<br>59100 Roubaix<br>France<\/p>\n\n\n\n<p><\/p>\n\n\n\n<h3 class=\"wp-block-heading\">Propri\u00e9t\u00e9 intellectuelle<\/h3>\n\n\n\n<p>L\u2019ensemble des contenus pr\u00e9sents sur ce site (textes, images, \u00e9l\u00e9ments graphiques, logo) est prot\u00e9g\u00e9 par le droit d\u2019auteur.<br>Toute reproduction, repr\u00e9sentation ou diffusion, totale ou partielle, sans autorisation pr\u00e9alable est interdite.<\/p>\n\n\n\n<p><\/p>\n\n\n\n<h3 class=\"wp-block-heading\">Responsabilit\u00e9<\/h3>\n\n\n\n<p>Les informations diffus\u00e9es sur ce site sont fournies \u00e0 titre informatif.<br>Elles ne sauraient se substituer \u00e0 une consultation ou \u00e0 un suivi personnalis\u00e9.<\/p>\n\n\n\n<hr class=\"wp-block-separator has-alpha-channel-opacity\"\/>\n\n\n\n<h1 class=\"wp-block-heading\"><\/h1>\n","protected":false},"excerpt":{"rendered":"<p>\u00c9diteur du site Nom : Muriel FaureStatut : Profession lib\u00e9raleAdresse professionnelle : Maison de sant\u00e9 du Val de Ligne,5 all\u00e9e Andr\u00e9 Monteil, 07110 Largenti\u00e8reAdresse e-mail : muriel.faure07110@gmail.com Responsable de la publication Responsable de la publicationMuriel Faure H\u00e9bergement Le site est h\u00e9berg\u00e9 par :OVH SAS2 rue Kellermann59100 RoubaixFrance Propri\u00e9t\u00e9 intellectuelle L\u2019ensemble des contenus pr\u00e9sents sur ce [&hellip;]<\/p>\n","protected":false},"author":2,"featured_media":0,"parent":0,"menu_order":0,"comment_status":"closed","ping_status":"closed","template":"","meta":{"footnotes":""},"class_list":["post-243","page","type-page","status-publish","hentry"],"_links":{"self":[{"href":"https:\/\/murielfaure.fr\/index.php?rest_route=\/wp\/v2\/pages\/243","targetHints":{"allow":["GET"]}}],"collection":[{"href":"https:\/\/murielfaure.fr\/index.php?rest_route=\/wp\/v2\/pages"}],"about":[{"href":"https:\/\/murielfaure.fr\/index.php?rest_route=\/wp\/v2\/types\/page"}],"author":[{"embeddable":true,"href":"https:\/\/murielfaure.fr\/index.php?rest_route=\/wp\/v2\/users\/2"}],"replies":[{"embeddable":true,"href":"https:\/\/murielfaure.fr\/index.php?rest_route=%2Fwp%2Fv2%2Fcomments&post=243"}],"version-history":[{"count":1,"href":"https:\/\/murielfaure.fr\/index.php?rest_route=\/wp\/v2\/pages\/243\/revisions"}],"predecessor-version":[{"id":244,"href":"https:\/\/murielfaure.fr\/index.php?rest_route=\/wp\/v2\/pages\/243\/revisions\/244"}],"wp:attachment":[{"href":"https:\/\/murielfaure.fr\/index.php?rest_route=%2Fwp%2Fv2%2Fmedia&parent=243"}],"curies":[{"name":"wp","href":"https:\/\/api.w.org\/{rel}","templated":true}]}}