{"id":17,"date":"2025-12-19T01:52:02","date_gmt":"2025-12-19T01:52:02","guid":{"rendered":"https:\/\/murielfaure.fr\/?page_id=17"},"modified":"2026-02-10T10:38:10","modified_gmt":"2026-02-10T10:38:10","slug":"contact","status":"publish","type":"page","link":"https:\/\/murielfaure.fr\/?page_id=17","title":{"rendered":"Consultations"},"content":{"rendered":"\n<div class=\"wp-block-cover alignfull is-light\" style=\"min-height:190px;aspect-ratio:unset;\"><img loading=\"lazy\" decoding=\"async\" width=\"1920\" height=\"800\" class=\"wp-block-cover__image-background wp-image-44 size-full\" alt=\"\" src=\"https:\/\/murielfaure.fr\/wp-content\/uploads\/2025\/12\/MF-visuel-fond-organique.jpg\" data-object-fit=\"cover\" srcset=\"https:\/\/murielfaure.fr\/wp-content\/uploads\/2025\/12\/MF-visuel-fond-organique.jpg 1920w, https:\/\/murielfaure.fr\/wp-content\/uploads\/2025\/12\/MF-visuel-fond-organique-300x125.jpg 300w, https:\/\/murielfaure.fr\/wp-content\/uploads\/2025\/12\/MF-visuel-fond-organique-1024x427.jpg 1024w, https:\/\/murielfaure.fr\/wp-content\/uploads\/2025\/12\/MF-visuel-fond-organique-768x320.jpg 768w, https:\/\/murielfaure.fr\/wp-content\/uploads\/2025\/12\/MF-visuel-fond-organique-1536x640.jpg 1536w\" sizes=\"auto, (max-width: 1920px) 100vw, 1920px\" \/><span aria-hidden=\"true\" class=\"wp-block-cover__background has-background-dim\" style=\"background-color:#e8e9f6\"><\/span><div class=\"wp-block-cover__inner-container has-global-padding is-layout-constrained wp-block-cover-is-layout-constrained\">\n<h1 class=\"wp-block-heading has-text-align-center is-style-text-display has-accent-3-color has-text-color has-link-color wp-elements-19511a8265c63573a6c1b5c7ea171c83 is-style-text-display--1\">Consultations<\/h1>\n<\/div><\/div>\n\n\n\n<figure class=\"wp-block-image alignfull size-full no-space\" style=\"margin-top:0;margin-bottom:0\"><img loading=\"lazy\" decoding=\"async\" width=\"1920\" height=\"1000\" src=\"https:\/\/murielfaure.fr\/wp-content\/uploads\/2026\/01\/MF-visuel-Consultations-Papillon-1.jpg\" alt=\"\" class=\"wp-image-158\" srcset=\"https:\/\/murielfaure.fr\/wp-content\/uploads\/2026\/01\/MF-visuel-Consultations-Papillon-1.jpg 1920w, https:\/\/murielfaure.fr\/wp-content\/uploads\/2026\/01\/MF-visuel-Consultations-Papillon-1-300x156.jpg 300w, https:\/\/murielfaure.fr\/wp-content\/uploads\/2026\/01\/MF-visuel-Consultations-Papillon-1-1024x533.jpg 1024w, https:\/\/murielfaure.fr\/wp-content\/uploads\/2026\/01\/MF-visuel-Consultations-Papillon-1-768x400.jpg 768w, https:\/\/murielfaure.fr\/wp-content\/uploads\/2026\/01\/MF-visuel-Consultations-Papillon-1-1536x800.jpg 1536w\" sizes=\"auto, (max-width: 1920px) 100vw, 1920px\" \/><\/figure>\n\n\n\n<p>Ma premi\u00e8re proposition essentielle, est de vous inviter \u00e0 vous poser dans le pr\u00e9sent. Vous accompagnez \u00e0 trouver des ressources ext\u00e9rieures et\/ou int\u00e9rieurs favorisant votre \u00e9tat de s\u00e9curit\u00e9 ici et maintenant. J\u2019\u00e9coute alors <strong>votre d\u00e9sir<\/strong> qui va donner la direction du travail.<\/p>\n\n\n\n<p>Ancr\u00e9 dans le pr\u00e9sent avec une sensation de s\u00e9curit\u00e9, je vous aide \u00e0 observer les traces spontan\u00e9es qui \u00e9mergent. Je reste attentive \u00e0 vous, \u00e0 tout ce que vous ressentez et exprimez. Progressivement, je vous invite \u00e0 consid\u00e9rer et \u00e0 r\u00e9guler ce que vous traversez pour, \u00e0 nouveau, retrouver de la stabilit\u00e9 et de la s\u00e9curit\u00e9. Vous d\u00e9veloppez vos propres capacit\u00e9s d\u2019observation, de r\u00e9gulation et de compr\u00e9hension. Vous renforcez votre confiance et votre estime de vous.<\/p>\n\n\n\n<p>La Th\u00e9orie Polyvagale de Stephen Porges explique que le nerf vague joue un r\u00f4le majeur dans notre ressenti de s\u00e9curit\u00e9 ou d\u2019ins\u00e9curit\u00e9.&nbsp; Il r\u00e9gule nos r\u00e9actions au stress, nos comportements et nos relations avec les autres.<\/p>\n\n\n\n<p>Stephen Porges distingue deux branches dans le syst\u00e8me parasympathique.&nbsp;<\/p>\n\n\n\n<p>Une branche dorsale responsable d\u2019un grand ralentissement&nbsp;: la diminution de la respiration, la baisse de la temp\u00e9rature corporelle, l\u2019apparition du figement et m\u00eame, la dissociation.<\/p>\n\n\n\n<p>Une branche ventrale qui favorise la connexion, le calme et la r\u00e9gulation \u00e9motionnelle. Cette branche ventrale ouvre une <strong>nouvelle voie th\u00e9rapeutique naturelle<\/strong> pour achever, en toute s\u00e9curit\u00e9, une r\u00e9ponse de fuite, de combat et\/ou une r\u00e9ponse \u00e9motionnelle. Cet ach\u00e8vement va spontan\u00e9ment entrainer un rel\u00e2chement profond dans le corps, un soulagement global et une circulation de l\u2019\u00e9nergie qui \u00e9tait bloqu\u00e9e. Ce temps d\u2019int\u00e9gration du rel\u00e2chement dans votre syst\u00e8me nerveux va rythmer la s\u00e9ance.<\/p>\n\n\n\n<p>L\u2019essentiel est que l\u2019activation (tensions corporelles ou \u00e9motionnelle) ne soit pas trop forte pour se r\u00e9guler et s\u2019achever, <strong>sans risque d\u2019ajouter de nouvelles traces traumatiques<\/strong>. Vous ne serez pas oblig\u00e9s de tout revivre ou de tout vous souvenir. Dans une relation th\u00e9rapeutique s\u00e9curis\u00e9e, les traces reviennent sans effort. Le syst\u00e8me nerveux <strong>cherche<\/strong> une voie de r\u00e9solution pour s\u2019all\u00e9ger et laisser, \u00e0 nouveau, l\u2019\u00e9nergie vitale circuler.<\/p>\n\n\n\n<div style=\"height:35px\" aria-hidden=\"true\" class=\"wp-block-spacer\"><\/div>\n\n\n\n<figure class=\"wp-block-pullquote alignfull\"><blockquote><p>\u00ab\u00a0Gu\u00e9rir ce n\u2019est pas oublier, c\u2019est se souvenir sans douleur.\u00a0\u00bb<\/p><cite><br>Marie de Hennezel<\/cite><\/blockquote><\/figure>\n\n\n\n<aside class=\"wp-block-group alignfull is-style-section-3 has-global-padding is-layout-constrained wp-container-core-group-is-layout-f0f2a97b wp-block-group-is-layout-constrained is-style-section-3--2\" style=\"margin-top:0;margin-bottom:0;padding-top:var(--wp--preset--spacing--50);padding-right:var(--wp--preset--spacing--50);padding-bottom:var(--wp--preset--spacing--50);padding-left:var(--wp--preset--spacing--50)\">\n<div class=\"wp-block-group has-global-padding is-layout-constrained wp-block-group-is-layout-constrained\">\n<div class=\"wp-block-columns is-layout-flex wp-container-core-columns-is-layout-28f84493 wp-block-columns-is-layout-flex\">\n<div class=\"wp-block-column is-layout-flow wp-block-column-is-layout-flow\">\n<h3 class=\"wp-block-heading has-text-align-center has-base-color has-text-color has-link-color wp-elements-9fe22cb6c7005ad06b4096bd633ddc9d\"><span class=\"wp-rich-text-font-awesome-icon wp-font-awesome-icon\"><svg aria-hidden=\"true\" focusable=\"false\" data-prefix=\"fas\" data-icon=\"house\" class=\"svg-inline--fa fa-house \" role=\"img\" xmlns=\"http:\/\/www.w3.org\/2000\/svg\" viewBox=\"0 0 512 512\"><path fill=\"currentColor\" d=\"M277.8 8.6c-12.3-11.4-31.3-11.4-43.5 0l-224 208c-9.6 9-12.8 22.9-8 35.1S18.8 272 32 272l16 0 0 176c0 35.3 28.7 64 64 64l288 0c35.3 0 64-28.7 64-64l0-176 16 0c13.2 0 25-8.1 29.8-20.3s1.6-26.2-8-35.1l-224-208zM240 320l32 0c26.5 0 48 21.5 48 48l0 96-128 0 0-96c0-26.5 21.5-48 48-48z\"><\/path><\/svg><\/span><\/h3>\n\n\n\n<h3 class=\"wp-block-heading has-text-align-center has-base-color has-text-color has-link-color wp-elements-9d05627f17e02f5592a24794b68afc0b\">LE CABINET<\/h3>\n\n\n\n<p class=\"has-text-align-center is-style-default has-base-color has-text-color has-link-color wp-elements-3cdf1df1b964b9d032871db6d27070fb\"><a href=\"https:\/\/www.google.com\/maps\/search\/?api=1&amp;query=Maison+de+Sant\u00e9+du+Val+de+Ligne+5+all\u00e9e+Andr\u00e9+Monteil+07110+Largenti\u00e8re\" data-type=\"link\" data-id=\"https:\/\/www.google.com\/maps\/search\/?api=1&amp;query=Maison+de+Sant\u00e9+du+Val+de+Ligne+5+all\u00e9e+Andr\u00e9+Monteil+07110+Largenti\u00e8re\"><strong>Maison de Sant\u00e9 du Val de Ligne<br><\/strong>5, all\u00e9e Andr\u00e9 Monteil<br>07110 Largenti\u00e8re<\/a><\/p>\n\n\n\n<p><\/p>\n<\/div>\n\n\n\n<div class=\"wp-block-column is-layout-flow wp-block-column-is-layout-flow\">\n<h3 class=\"wp-block-heading has-text-align-center has-base-color has-text-color has-link-color wp-elements-089cdaf9b483e2e9a019b3832f4a43b3\"><span class=\"wp-rich-text-font-awesome-icon wp-font-awesome-icon\"><svg aria-hidden=\"true\" focusable=\"false\" data-prefix=\"fas\" data-icon=\"clock\" class=\"svg-inline--fa fa-clock \" role=\"img\" xmlns=\"http:\/\/www.w3.org\/2000\/svg\" viewBox=\"0 0 512 512\"><path fill=\"currentColor\" d=\"M256 0a256 256 0 1 1 0 512 256 256 0 1 1 0-512zM232 120l0 136c0 8 4 15.5 10.7 20l96 64c11 7.4 25.9 4.4 33.3-6.7s4.4-25.9-6.7-33.3L280 243.2 280 120c0-13.3-10.7-24-24-24s-24 10.7-24 24z\"><\/path><\/svg><\/span><\/h3>\n\n\n\n<h3 class=\"wp-block-heading has-text-align-center has-base-color has-text-color has-link-color wp-elements-cdb233f0437f91a5818df2ddbd88f2c7\">LES HORAIRES<\/h3>\n\n\n\n<p class=\"has-text-align-center is-style-default has-base-color has-text-color has-link-color wp-elements-2238211a2d8be1a37e6df34526ac0e8a\"><strong>M<\/strong>ercredi, Jeudi, Vendredi et Samedi matin<\/p>\n\n\n\n<p><\/p>\n<\/div>\n\n\n\n<div class=\"wp-block-column is-layout-flow wp-block-column-is-layout-flow\">\n<h3 class=\"wp-block-heading has-text-align-center has-base-color has-text-color has-link-color wp-elements-4c763c52c0adc9d08daf305698d575d9\"><span class=\"wp-rich-text-font-awesome-icon wp-font-awesome-icon\"><svg aria-hidden=\"true\" focusable=\"false\" data-prefix=\"fas\" data-icon=\"phone\" class=\"svg-inline--fa fa-phone \" role=\"img\" xmlns=\"http:\/\/www.w3.org\/2000\/svg\" viewBox=\"0 0 512 512\"><path fill=\"currentColor\" d=\"M160.2 25C152.3 6.1 131.7-3.9 112.1 1.4l-5.5 1.5c-64.6 17.6-119.8 80.2-103.7 156.4 37.1 175 174.8 312.7 349.8 349.8 76.3 16.2 138.8-39.1 156.4-103.7l1.5-5.5c5.4-19.7-4.7-40.3-23.5-48.1l-97.3-40.5c-16.5-6.9-35.6-2.1-47 11.8l-38.6 47.2C233.9 335.4 177.3 277 144.8 205.3L189 169.3c13.9-11.3 18.6-30.4 11.8-47L160.2 25z\"><\/path><\/svg><\/span><\/h3>\n\n\n\n<h3 class=\"wp-block-heading has-text-align-center has-base-color has-text-color has-link-color wp-elements-b9f5e838f9fb4b8051ee5cb47c9e9811\">CONTACT<\/h3>\n\n\n\n<p class=\"has-text-align-center is-style-default has-base-color has-text-color has-link-color wp-elements-9e2ad26a809444e4ec858e39c7243558\"><strong>06 72 26 40 80<\/strong><br>muriel.faure07110(at)gmail.com<\/p>\n\n\n\n<p><\/p>\n<\/div>\n<\/div>\n<\/div>\n<\/aside>\n\n\n\n<figure class=\"wp-block-pullquote alignfull\"><blockquote><p><br>\u00ab\u00a0L\u2019homme n\u2019est pas le produit de son pass\u00e9, il est le produit de sa capacit\u00e9 \u00e0 se remettre de son pass\u00e9.\u00a0\u00bb<\/p><cite><br><br>Boris Cyrulnik<\/cite><\/blockquote><\/figure>\n\n\n\n<p><\/p>\n","protected":false},"excerpt":{"rendered":"<p>Ma premi\u00e8re proposition essentielle, est de vous inviter \u00e0 vous poser dans le pr\u00e9sent. Vous accompagnez \u00e0 trouver des ressources ext\u00e9rieures et\/ou int\u00e9rieurs favorisant votre \u00e9tat de s\u00e9curit\u00e9 ici et maintenant. J\u2019\u00e9coute alors votre d\u00e9sir qui va donner la direction du travail. Ancr\u00e9 dans le pr\u00e9sent avec une sensation de s\u00e9curit\u00e9, je vous aide \u00e0 [&hellip;]<\/p>\n","protected":false},"author":1,"featured_media":0,"parent":0,"menu_order":0,"comment_status":"closed","ping_status":"closed","template":"page-no-title","meta":{"footnotes":""},"class_list":["post-17","page","type-page","status-publish","hentry"],"_links":{"self":[{"href":"https:\/\/murielfaure.fr\/index.php?rest_route=\/wp\/v2\/pages\/17","targetHints":{"allow":["GET"]}}],"collection":[{"href":"https:\/\/murielfaure.fr\/index.php?rest_route=\/wp\/v2\/pages"}],"about":[{"href":"https:\/\/murielfaure.fr\/index.php?rest_route=\/wp\/v2\/types\/page"}],"author":[{"embeddable":true,"href":"https:\/\/murielfaure.fr\/index.php?rest_route=\/wp\/v2\/users\/1"}],"replies":[{"embeddable":true,"href":"https:\/\/murielfaure.fr\/index.php?rest_route=%2Fwp%2Fv2%2Fcomments&post=17"}],"version-history":[{"count":21,"href":"https:\/\/murielfaure.fr\/index.php?rest_route=\/wp\/v2\/pages\/17\/revisions"}],"predecessor-version":[{"id":281,"href":"https:\/\/murielfaure.fr\/index.php?rest_route=\/wp\/v2\/pages\/17\/revisions\/281"}],"wp:attachment":[{"href":"https:\/\/murielfaure.fr\/index.php?rest_route=%2Fwp%2Fv2%2Fmedia&parent=17"}],"curies":[{"name":"wp","href":"https:\/\/api.w.org\/{rel}","templated":true}]}}