{"id":15,"date":"2025-12-19T01:51:38","date_gmt":"2025-12-19T01:51:38","guid":{"rendered":"https:\/\/murielfaure.fr\/?page_id=15"},"modified":"2026-02-10T10:55:39","modified_gmt":"2026-02-10T10:55:39","slug":"sexologie","status":"publish","type":"page","link":"https:\/\/murielfaure.fr\/?page_id=15","title":{"rendered":"Sexocorporel"},"content":{"rendered":"\n<div class=\"wp-block-cover alignfull is-light no-space\" style=\"min-height:190px;aspect-ratio:unset;\"><img loading=\"lazy\" decoding=\"async\" width=\"1920\" height=\"800\" class=\"wp-block-cover__image-background wp-image-44 size-full\" alt=\"\" src=\"https:\/\/murielfaure.fr\/wp-content\/uploads\/2025\/12\/MF-visuel-fond-organique.jpg\" data-object-fit=\"cover\" srcset=\"https:\/\/murielfaure.fr\/wp-content\/uploads\/2025\/12\/MF-visuel-fond-organique.jpg 1920w, https:\/\/murielfaure.fr\/wp-content\/uploads\/2025\/12\/MF-visuel-fond-organique-300x125.jpg 300w, https:\/\/murielfaure.fr\/wp-content\/uploads\/2025\/12\/MF-visuel-fond-organique-1024x427.jpg 1024w, https:\/\/murielfaure.fr\/wp-content\/uploads\/2025\/12\/MF-visuel-fond-organique-768x320.jpg 768w, https:\/\/murielfaure.fr\/wp-content\/uploads\/2025\/12\/MF-visuel-fond-organique-1536x640.jpg 1536w\" sizes=\"auto, (max-width: 1920px) 100vw, 1920px\" \/><span aria-hidden=\"true\" class=\"wp-block-cover__background has-background-dim\" style=\"background-color:#e8e9f6\"><\/span><div class=\"wp-block-cover__inner-container has-global-padding is-layout-constrained wp-block-cover-is-layout-constrained\">\n<h1 class=\"wp-block-heading has-text-align-center is-style-text-display has-accent-3-color has-text-color has-link-color wp-elements-00a3acf12abd8a2d0ee1e62e8b86203c is-style-text-display--1\">Sexocorporel<\/h1>\n<\/div><\/div>\n\n\n\n<figure class=\"wp-block-image alignfull size-large no-space\" style=\"margin-top:0;margin-bottom:0\"><img loading=\"lazy\" decoding=\"async\" width=\"1024\" height=\"533\" src=\"https:\/\/murielfaure.fr\/wp-content\/uploads\/2026\/01\/MF-visuel-Sexocorporel-femmes-1024x533.jpg\" alt=\"\" class=\"wp-image-129\" srcset=\"https:\/\/murielfaure.fr\/wp-content\/uploads\/2026\/01\/MF-visuel-Sexocorporel-femmes-1024x533.jpg 1024w, https:\/\/murielfaure.fr\/wp-content\/uploads\/2026\/01\/MF-visuel-Sexocorporel-femmes-300x156.jpg 300w, https:\/\/murielfaure.fr\/wp-content\/uploads\/2026\/01\/MF-visuel-Sexocorporel-femmes-768x400.jpg 768w, https:\/\/murielfaure.fr\/wp-content\/uploads\/2026\/01\/MF-visuel-Sexocorporel-femmes-1536x800.jpg 1536w, https:\/\/murielfaure.fr\/wp-content\/uploads\/2026\/01\/MF-visuel-Sexocorporel-femmes.jpg 1920w\" sizes=\"auto, (max-width: 1024px) 100vw, 1024px\" \/><\/figure>\n\n\n\n<p>Le Sexocorporel a \u00e9t\u00e9 cr\u00e9\u00e9 par Jean-Yves Desjardins (1931-2011) psychologue et sexologue.<\/p>\n\n\n\n<p>C\u2019est une sexoth\u00e9rapie int\u00e9grative qui englobe de toutes les composantes de la sexualit\u00e9. Les composantes&nbsp;: physiologiques, cognitives, personnelles et relationnelles sont toutes en interaction. Elles participent \u00e0 nos apprentissages sexuels et \u00e0 leur \u00e9volution tout au long de notre vie.&nbsp;<\/p>\n\n\n\n<p>Notre histoire et nos exp\u00e9riences ont d\u00e9velopp\u00e9 certaines habilit\u00e9s sexuelles alors que d\u2019autres sont rest\u00e9es limit\u00e9es. Avec le temps, nos limitations peuvent devenir source de souffrance&nbsp;: douleur, culpabilit\u00e9, d\u00e9go\u00fbt, impuissance, addiction&#8230;<\/p>\n\n\n\n<p>Le Sexocorporel peut r\u00e9pondre \u00e0 diff\u00e9rentes demandes sans honte et\/ou culpabilit\u00e9. Apr\u00e8s une \u00e9valuation de votre demande et de vos habilet\u00e9s, des r\u00e9ponses simples et concr\u00e8tes relancent vos apprentissages.&nbsp;<\/p>\n\n\n\n<p>Chaque demande va amener une exploration diff\u00e9rente : des \u00e9motions, de l\u2019image corporelle, des codes d\u2019attractions sexuelles, des croyances limitantes, des figements corporels, de la communication \u2026 Quelques exemples de demandes&nbsp;:<\/p>\n\n\n\n<p>\u00ab&nbsp;Je suis \u00e0 l\u2019aise dans mon corps et je multiplie les partenaires sexuels sans vraiment ressentir de plaisir relationnel. J\u2019aimerais int\u00e9grer les \u00e9motions dans ma sexualit\u00e9&nbsp;\u00bb<\/p>\n\n\n\n<p>\u00ab&nbsp;Depuis mon agression sexuelle, je fuis tout contact. Je ressens du d\u00e9go\u00fbt pour mon corps et la sexualit\u00e9. Je me sens impuissant pour sortir de ce d\u00e9go\u00fbt&nbsp;\u00bb<\/p>\n\n\n\n<p>\u00ab&nbsp;Apr\u00e8s mon accouchement difficile je ne retrouve pas mes sensations. Je suis toujours fatigu\u00e9e, sans d\u00e9sir. J\u2019aimerais retrouver du d\u00e9sir sexuel&nbsp;\u00bb<\/p>\n\n\n\n<p>\u00ab&nbsp;Mon \u00e9ducation m\u2019emp\u00eache d\u2019\u00eatre libre de mes mouvements et de parler de mes d\u00e9sirs sexuels. Comment d\u00e9passer ces interdits impos\u00e9s ?&nbsp;\u00bb<\/p>\n\n\n\n<p>\u00ab&nbsp;J\u2019aime beaucoup ma femme mais je n\u2019arrive pas \u00e0 vivre du plaisir sexuel dans nos partages alors que j\u2019en ressens dans mes explorations personnelles&nbsp;\u00bb<\/p>\n\n\n\n<p>\u00ab&nbsp;Je me sens frustr\u00e9e et en col\u00e8re quand mon partenaire n\u2019est pas disponible pour partager de la sexualit\u00e9. J\u2019aimerais moins souffrir de ces refus&nbsp;\u00bb<\/p>\n\n\n\n<p>\u00ab&nbsp;J\u2019aime ma femme mais je ne peux pas m\u2019emp\u00eacher de rencontrer des hommes pour vivre une autre sexualit\u00e9. Je me culpabilise beaucoup. Je crains qu\u2019elle le d\u00e9couvre et qu\u2019elle me quitte&nbsp;\u00bb<\/p>\n\n\n\n<p>Vous pouvez vous aussi formuler votre demande personnelle.<\/p>\n\n\n\n<div style=\"height:35px\" aria-hidden=\"true\" class=\"wp-block-spacer\"><\/div>\n\n\n\n<figure class=\"wp-block-pullquote alignfull\"><blockquote><p>\u00ab\u00a0Plus nous nous permettons de vivre pleinement qui nous sommes, plus la possibilit\u00e9 de changement est grande\u00a0\u00bb<\/p><cite><br>Larry Heller<\/cite><\/blockquote><\/figure>\n\n\n\n<aside class=\"wp-block-group alignfull is-style-section-3 has-global-padding is-layout-constrained wp-container-core-group-is-layout-f0f2a97b wp-block-group-is-layout-constrained is-style-section-3--2\" style=\"margin-top:0;margin-bottom:0;padding-top:var(--wp--preset--spacing--50);padding-right:var(--wp--preset--spacing--50);padding-bottom:var(--wp--preset--spacing--50);padding-left:var(--wp--preset--spacing--50)\">\n<div class=\"wp-block-group has-global-padding is-layout-constrained wp-block-group-is-layout-constrained\">\n<div class=\"wp-block-columns is-layout-flex wp-container-core-columns-is-layout-28f84493 wp-block-columns-is-layout-flex\">\n<div class=\"wp-block-column is-layout-flow wp-block-column-is-layout-flow\">\n<h3 class=\"wp-block-heading has-text-align-center has-base-color has-text-color has-link-color wp-elements-9fe22cb6c7005ad06b4096bd633ddc9d\"><span class=\"wp-rich-text-font-awesome-icon wp-font-awesome-icon\"><svg aria-hidden=\"true\" focusable=\"false\" data-prefix=\"fas\" data-icon=\"house\" class=\"svg-inline--fa fa-house \" role=\"img\" xmlns=\"http:\/\/www.w3.org\/2000\/svg\" viewBox=\"0 0 512 512\"><path fill=\"currentColor\" d=\"M277.8 8.6c-12.3-11.4-31.3-11.4-43.5 0l-224 208c-9.6 9-12.8 22.9-8 35.1S18.8 272 32 272l16 0 0 176c0 35.3 28.7 64 64 64l288 0c35.3 0 64-28.7 64-64l0-176 16 0c13.2 0 25-8.1 29.8-20.3s1.6-26.2-8-35.1l-224-208zM240 320l32 0c26.5 0 48 21.5 48 48l0 96-128 0 0-96c0-26.5 21.5-48 48-48z\"><\/path><\/svg><\/span><\/h3>\n\n\n\n<h3 class=\"wp-block-heading has-text-align-center has-base-color has-text-color has-link-color wp-elements-9d05627f17e02f5592a24794b68afc0b\">LE CABINET<\/h3>\n\n\n\n<p class=\"has-text-align-center is-style-default has-base-color has-text-color has-link-color wp-elements-e88dcf5edd404b6edbbbb0802740dde4\"><a href=\"https:\/\/www.google.com\/maps\/search\/?api=1&amp;query=Maison+de+Sant\u00e9+du+Val+de+Ligne+5+all\u00e9e+Andr\u00e9+Monteil+07110+Largenti\u00e8re\" data-type=\"link\" data-id=\"https:\/\/www.google.com\/maps\/search\/?api=1&amp;query=Maison+de+Sant\u00e9+du+Val+de+Ligne+5+all\u00e9e+Andr\u00e9+Monteil+07110+Largenti\u00e8re\" target=\"_blank\" rel=\"noreferrer noopener\"><strong>Maison de Sant\u00e9 du Val de Ligne<br><\/strong>5, all\u00e9e Andr\u00e9 Monteil<br>07110 Largenti\u00e8re<\/a><\/p>\n\n\n\n<p><\/p>\n<\/div>\n\n\n\n<div class=\"wp-block-column is-layout-flow wp-block-column-is-layout-flow\">\n<h3 class=\"wp-block-heading has-text-align-center has-base-color has-text-color has-link-color wp-elements-089cdaf9b483e2e9a019b3832f4a43b3\"><span class=\"wp-rich-text-font-awesome-icon wp-font-awesome-icon\"><svg aria-hidden=\"true\" focusable=\"false\" data-prefix=\"fas\" data-icon=\"clock\" class=\"svg-inline--fa fa-clock \" role=\"img\" xmlns=\"http:\/\/www.w3.org\/2000\/svg\" viewBox=\"0 0 512 512\"><path fill=\"currentColor\" d=\"M256 0a256 256 0 1 1 0 512 256 256 0 1 1 0-512zM232 120l0 136c0 8 4 15.5 10.7 20l96 64c11 7.4 25.9 4.4 33.3-6.7s4.4-25.9-6.7-33.3L280 243.2 280 120c0-13.3-10.7-24-24-24s-24 10.7-24 24z\"><\/path><\/svg><\/span><\/h3>\n\n\n\n<h3 class=\"wp-block-heading has-text-align-center has-base-color has-text-color has-link-color wp-elements-cdb233f0437f91a5818df2ddbd88f2c7\">LES HORAIRES<\/h3>\n\n\n\n<p class=\"has-text-align-center is-style-default has-base-color has-text-color has-link-color wp-elements-2238211a2d8be1a37e6df34526ac0e8a\"><strong>M<\/strong>ercredi, Jeudi, Vendredi et Samedi matin<\/p>\n\n\n\n<p><\/p>\n<\/div>\n\n\n\n<div class=\"wp-block-column is-layout-flow wp-block-column-is-layout-flow\">\n<h3 class=\"wp-block-heading has-text-align-center has-base-color has-text-color has-link-color wp-elements-4c763c52c0adc9d08daf305698d575d9\"><span class=\"wp-rich-text-font-awesome-icon wp-font-awesome-icon\"><svg aria-hidden=\"true\" focusable=\"false\" data-prefix=\"fas\" data-icon=\"phone\" class=\"svg-inline--fa fa-phone \" role=\"img\" xmlns=\"http:\/\/www.w3.org\/2000\/svg\" viewBox=\"0 0 512 512\"><path fill=\"currentColor\" d=\"M160.2 25C152.3 6.1 131.7-3.9 112.1 1.4l-5.5 1.5c-64.6 17.6-119.8 80.2-103.7 156.4 37.1 175 174.8 312.7 349.8 349.8 76.3 16.2 138.8-39.1 156.4-103.7l1.5-5.5c5.4-19.7-4.7-40.3-23.5-48.1l-97.3-40.5c-16.5-6.9-35.6-2.1-47 11.8l-38.6 47.2C233.9 335.4 177.3 277 144.8 205.3L189 169.3c13.9-11.3 18.6-30.4 11.8-47L160.2 25z\"><\/path><\/svg><\/span><\/h3>\n\n\n\n<h3 class=\"wp-block-heading has-text-align-center has-base-color has-text-color has-link-color wp-elements-b9f5e838f9fb4b8051ee5cb47c9e9811\">CONTACT<\/h3>\n\n\n\n<p class=\"has-text-align-center is-style-default has-base-color has-text-color has-link-color wp-elements-9e2ad26a809444e4ec858e39c7243558\"><strong>06 72 26 40 80<\/strong><br>muriel.faure07110(at)gmail.com<\/p>\n\n\n\n<p><\/p>\n<\/div>\n<\/div>\n<\/div>\n<\/aside>\n\n\n\n<figure class=\"wp-block-pullquote alignfull\" style=\"margin-top:0;margin-bottom:0\"><blockquote><p>\u00ab\u00a0Il y a des familles o\u00f9 tout ce qui touche \u00e0 la sexualit\u00e9 est consid\u00e9r\u00e9 comme sale ou d\u00e9fendu. On ne sait plus si on est un enfant de l\u2019amour ou de la faute.\u00a0\u00bb<\/p><cite><br><br>Fran\u00e7oise Dolto<\/cite><\/blockquote><\/figure>\n\n\n\n<p><\/p>\n","protected":false},"excerpt":{"rendered":"<p>Le Sexocorporel a \u00e9t\u00e9 cr\u00e9\u00e9 par Jean-Yves Desjardins (1931-2011) psychologue et sexologue. C\u2019est une sexoth\u00e9rapie int\u00e9grative qui englobe de toutes les composantes de la sexualit\u00e9. Les composantes&nbsp;: physiologiques, cognitives, personnelles et relationnelles sont toutes en interaction. Elles participent \u00e0 nos apprentissages sexuels et \u00e0 leur \u00e9volution tout au long de notre vie.&nbsp; Notre histoire et [&hellip;]<\/p>\n","protected":false},"author":1,"featured_media":0,"parent":0,"menu_order":0,"comment_status":"closed","ping_status":"closed","template":"page-no-title","meta":{"footnotes":""},"class_list":["post-15","page","type-page","status-publish","hentry"],"_links":{"self":[{"href":"https:\/\/murielfaure.fr\/index.php?rest_route=\/wp\/v2\/pages\/15","targetHints":{"allow":["GET"]}}],"collection":[{"href":"https:\/\/murielfaure.fr\/index.php?rest_route=\/wp\/v2\/pages"}],"about":[{"href":"https:\/\/murielfaure.fr\/index.php?rest_route=\/wp\/v2\/types\/page"}],"author":[{"embeddable":true,"href":"https:\/\/murielfaure.fr\/index.php?rest_route=\/wp\/v2\/users\/1"}],"replies":[{"embeddable":true,"href":"https:\/\/murielfaure.fr\/index.php?rest_route=%2Fwp%2Fv2%2Fcomments&post=15"}],"version-history":[{"count":17,"href":"https:\/\/murielfaure.fr\/index.php?rest_route=\/wp\/v2\/pages\/15\/revisions"}],"predecessor-version":[{"id":291,"href":"https:\/\/murielfaure.fr\/index.php?rest_route=\/wp\/v2\/pages\/15\/revisions\/291"}],"wp:attachment":[{"href":"https:\/\/murielfaure.fr\/index.php?rest_route=%2Fwp%2Fv2%2Fmedia&parent=15"}],"curies":[{"name":"wp","href":"https:\/\/api.w.org\/{rel}","templated":true}]}}