{"id":11,"date":"2025-12-19T01:50:29","date_gmt":"2025-12-19T01:50:29","guid":{"rendered":"https:\/\/murielfaure.fr\/?page_id=11"},"modified":"2026-02-10T10:52:23","modified_gmt":"2026-02-10T10:52:23","slug":"resolution-des-traumas","status":"publish","type":"page","link":"https:\/\/murielfaure.fr\/?page_id=11","title":{"rendered":"R\u00e9solution des traumas"},"content":{"rendered":"\n<p><\/p>\n\n\n\n<div class=\"wp-block-cover alignfull is-light\" style=\"min-height:190px;aspect-ratio:unset;\"><img loading=\"lazy\" decoding=\"async\" width=\"1920\" height=\"800\" class=\"wp-block-cover__image-background wp-image-44 size-full\" alt=\"\" src=\"https:\/\/murielfaure.fr\/wp-content\/uploads\/2025\/12\/MF-visuel-fond-organique.jpg\" data-object-fit=\"cover\" srcset=\"https:\/\/murielfaure.fr\/wp-content\/uploads\/2025\/12\/MF-visuel-fond-organique.jpg 1920w, https:\/\/murielfaure.fr\/wp-content\/uploads\/2025\/12\/MF-visuel-fond-organique-300x125.jpg 300w, https:\/\/murielfaure.fr\/wp-content\/uploads\/2025\/12\/MF-visuel-fond-organique-1024x427.jpg 1024w, https:\/\/murielfaure.fr\/wp-content\/uploads\/2025\/12\/MF-visuel-fond-organique-768x320.jpg 768w, https:\/\/murielfaure.fr\/wp-content\/uploads\/2025\/12\/MF-visuel-fond-organique-1536x640.jpg 1536w\" sizes=\"auto, (max-width: 1920px) 100vw, 1920px\" \/><span aria-hidden=\"true\" class=\"wp-block-cover__background has-background-dim\" style=\"background-color:#e8e9f6\"><\/span><div class=\"wp-block-cover__inner-container has-global-padding is-layout-constrained wp-block-cover-is-layout-constrained\">\n<h1 class=\"wp-block-heading has-text-align-center is-style-text-display has-accent-3-color has-text-color has-link-color wp-elements-fc9961e1a1e34f0e2ee3092e23e7569d is-style-text-display--1\">R\u00e9solution des traumas<\/h1>\n\n\n\n<p class=\"has-text-align-center\"><em>Apaisement des traumatismes<\/em><\/p>\n<\/div><\/div>\n\n\n\n<figure class=\"wp-block-image alignfull size-large no-space\" style=\"margin-top:0;margin-bottom:0\"><img loading=\"lazy\" decoding=\"async\" width=\"1024\" height=\"533\" src=\"https:\/\/murielfaure.fr\/wp-content\/uploads\/2026\/01\/MF-visuel-Resolution-traumas-1024x533.jpg\" alt=\"\" class=\"wp-image-139\" srcset=\"https:\/\/murielfaure.fr\/wp-content\/uploads\/2026\/01\/MF-visuel-Resolution-traumas-1024x533.jpg 1024w, https:\/\/murielfaure.fr\/wp-content\/uploads\/2026\/01\/MF-visuel-Resolution-traumas-300x156.jpg 300w, https:\/\/murielfaure.fr\/wp-content\/uploads\/2026\/01\/MF-visuel-Resolution-traumas-768x400.jpg 768w, https:\/\/murielfaure.fr\/wp-content\/uploads\/2026\/01\/MF-visuel-Resolution-traumas-1536x800.jpg 1536w, https:\/\/murielfaure.fr\/wp-content\/uploads\/2026\/01\/MF-visuel-Resolution-traumas.jpg 1920w\" sizes=\"auto, (max-width: 1024px) 100vw, 1024px\" \/><\/figure>\n\n\n\n<p>Oui, il est possible de s\u2019all\u00e9ger du poids laiss\u00e9 par notre histoire.<\/p>\n\n\n\n<p>Nos traces traumatiques viennent de chocs ponctuels (accident, agression, op\u00e9ration, rupture, deuil\u2026) et\/ou de situations r\u00e9p\u00e9t\u00e9es de n\u00e9gligence dans nos premi\u00e8res ann\u00e9es de notre vie.<\/p>\n\n\n\n<p>Ces traces maintiennent un \u00e9tat d\u2019ins\u00e9curit\u00e9 avec une vigilance accrue au-del\u00e0 du danger. Cet \u00e9tat d\u2019ins\u00e9curit\u00e9 entretient un \u00e9tat instable dans notre syst\u00e8me nerveux. Cette d\u00e9r\u00e9gulation cr\u00e9e de nombreux sympt\u00f4mes, nous \u00e9puise et nous coupe de notre \u00e9lan vital.<\/p>\n\n\n\n<p>M\u00eame si nous n\u2019avons plus de souvenirs pr\u00e9cis de ce que nous avons v\u00e9cu, dans notre quotidien, les traces traumatiques s\u2019expriment sans que nous le d\u00e9cidions. Elles s\u2019observent r\u00e9guli\u00e8rement au travers de :<\/p>\n\n\n\n<p>Nos \u00e9motions&nbsp;:&nbsp;<\/p>\n\n\n\n<p>La joie, la tristesse, le d\u00e9go\u00fbt, la col\u00e8re et la peur disparaissent ou sont exacerb\u00e9es. Contenir nos \u00e9motions nous co\u00fbte beaucoup d\u2019\u00e9nergie. Cette contention g\u00e9n\u00e8re souvent une alternance entre&nbsp;: un \u00e9tat contenu puis, un \u00e9tat de d\u00e9bordement \u00e9motionnel, suivi d\u2019un \u00e9tat de figement associ\u00e9 \u00e0 un sentiment de culpabilit\u00e9 et\/ou de honte.<\/p>\n\n\n\n<p>Nos pens\u00e9es&nbsp;:&nbsp;<\/p>\n\n\n\n<p>Nos croyances limitantes, nos interdictions, nos jugements, nos ruminations, nos immersions dans le pass\u00e9 ou nos projections dans le futur\u2026 cr\u00e9ent un \u00e9tat de stress, d\u2019anxi\u00e9t\u00e9, d\u2019angoisse et de nombreux sympt\u00f4mes qui entravent notre d\u00e9sir de changement.&nbsp;<\/p>\n\n\n\n<p>Nos images&nbsp;:<\/p>\n\n\n\n<p>Les images viennent s\u2019imposer. Elles sont charg\u00e9es de peur, de terreur. Elles peuvent persister plusieurs secondes, minutes, heures, jours\u2026<\/p>\n\n\n\n<p>Nos sensations corporelles&nbsp;:&nbsp;<\/p>\n\n\n\n<p>Elles cr\u00e9ent une image&nbsp;de nous d\u00e9form\u00e9e&nbsp;:&nbsp; douloureuse, \u00e9cras\u00e9e, effondr\u00e9e, \u00e9ventr\u00e9e, \u00e9cartel\u00e9e, pulv\u00e9ris\u00e9e, enferm\u00e9e, emp\u00each\u00e9e, r\u00e9pugnante \u2026<\/p>\n\n\n\n<p>Nos mouvements :<\/p>\n\n\n\n<p>Les mouvements peuvent \u00eatre ralentis, voire m\u00eame, disparaitre avec le figement ou, \u00eatre nombreux, engendrer de l\u2019hyperactivit\u00e9 avec des difficult\u00e9s pour se poser et se reposer.<\/p>\n\n\n\n<p>L\u2019ensemble de ses manifestations sont normales. Cependant, elles renforcent la peur, peur qui nourrit l\u2019ins\u00e9curit\u00e9, ins\u00e9curit\u00e9 qui accroit la peur&nbsp;\u2026 alors que, nous faisons beaucoup d\u2019efforts pour \u00ab&nbsp;aller mieux&nbsp;\u00bb.<\/p>\n\n\n\n<p>Aujourd\u2019hui, en s\u00e9curit\u00e9 dans une relation th\u00e9rapeutique empathique nous pouvons nous all\u00e9ger des traces de notre pass\u00e9. Pas \u00e0 pas, le dangereux devient juste d\u00e9sagr\u00e9able, puis neutre, et m\u00eame, agr\u00e9able. L\u2019hypervigilance et la pression s\u2019estompent, elles laissent place \u00e0 la spontan\u00e9it\u00e9, \u00e0 la libert\u00e9 de choisir et au plaisir de vivre.<\/p>\n\n\n\n<div style=\"height:35px\" aria-hidden=\"true\" class=\"wp-block-spacer\"><\/div>\n\n\n\n<figure class=\"wp-block-pullquote alignfull\"><blockquote><p>\u00ab\u00a0Le traumatisme n\u2019est pas ce qui nous arrive, mais ce que nous gardons en nous en l\u2019absence d\u2019un t\u00e9moins empathique\u00a0\u00bb<\/p><cite><br>Peter Levine<\/cite><\/blockquote><\/figure>\n\n\n\n<aside class=\"wp-block-group alignfull is-style-section-3 has-global-padding is-layout-constrained wp-container-core-group-is-layout-f0f2a97b wp-block-group-is-layout-constrained is-style-section-3--2\" style=\"margin-top:0;margin-bottom:0;padding-top:var(--wp--preset--spacing--50);padding-right:var(--wp--preset--spacing--50);padding-bottom:var(--wp--preset--spacing--50);padding-left:var(--wp--preset--spacing--50)\">\n<div class=\"wp-block-group has-global-padding is-layout-constrained wp-block-group-is-layout-constrained\">\n<div class=\"wp-block-columns is-layout-flex wp-container-core-columns-is-layout-28f84493 wp-block-columns-is-layout-flex\">\n<div class=\"wp-block-column is-layout-flow wp-block-column-is-layout-flow\">\n<h3 class=\"wp-block-heading has-text-align-center has-base-color has-text-color has-link-color wp-elements-9fe22cb6c7005ad06b4096bd633ddc9d\"><span class=\"wp-rich-text-font-awesome-icon wp-font-awesome-icon\"><svg aria-hidden=\"true\" focusable=\"false\" data-prefix=\"fas\" data-icon=\"house\" class=\"svg-inline--fa fa-house \" role=\"img\" xmlns=\"http:\/\/www.w3.org\/2000\/svg\" viewBox=\"0 0 512 512\"><path fill=\"currentColor\" d=\"M277.8 8.6c-12.3-11.4-31.3-11.4-43.5 0l-224 208c-9.6 9-12.8 22.9-8 35.1S18.8 272 32 272l16 0 0 176c0 35.3 28.7 64 64 64l288 0c35.3 0 64-28.7 64-64l0-176 16 0c13.2 0 25-8.1 29.8-20.3s1.6-26.2-8-35.1l-224-208zM240 320l32 0c26.5 0 48 21.5 48 48l0 96-128 0 0-96c0-26.5 21.5-48 48-48z\"><\/path><\/svg><\/span><\/h3>\n\n\n\n<h3 class=\"wp-block-heading has-text-align-center has-base-color has-text-color has-link-color wp-elements-9d05627f17e02f5592a24794b68afc0b\">LE CABINET<\/h3>\n\n\n\n<p class=\"has-text-align-center is-style-default has-base-color has-text-color has-link-color wp-elements-3cdf1df1b964b9d032871db6d27070fb\"><a href=\"https:\/\/www.google.com\/maps\/search\/?api=1&amp;query=Maison+de+Sant\u00e9+du+Val+de+Ligne+5+all\u00e9e+Andr\u00e9+Monteil+07110+Largenti\u00e8re\" data-type=\"link\" data-id=\"https:\/\/www.google.com\/maps\/search\/?api=1&amp;query=Maison+de+Sant\u00e9+du+Val+de+Ligne+5+all\u00e9e+Andr\u00e9+Monteil+07110+Largenti\u00e8re\"><strong>Maison de Sant\u00e9 du Val de Ligne<br><\/strong>5, all\u00e9e Andr\u00e9 Monteil<br>07110 Largenti\u00e8re<\/a><\/p>\n\n\n\n<p><\/p>\n<\/div>\n\n\n\n<div class=\"wp-block-column is-layout-flow wp-block-column-is-layout-flow\">\n<h3 class=\"wp-block-heading has-text-align-center has-base-color has-text-color has-link-color wp-elements-089cdaf9b483e2e9a019b3832f4a43b3\"><span class=\"wp-rich-text-font-awesome-icon wp-font-awesome-icon\"><svg aria-hidden=\"true\" focusable=\"false\" data-prefix=\"fas\" data-icon=\"clock\" class=\"svg-inline--fa fa-clock \" role=\"img\" xmlns=\"http:\/\/www.w3.org\/2000\/svg\" viewBox=\"0 0 512 512\"><path fill=\"currentColor\" d=\"M256 0a256 256 0 1 1 0 512 256 256 0 1 1 0-512zM232 120l0 136c0 8 4 15.5 10.7 20l96 64c11 7.4 25.9 4.4 33.3-6.7s4.4-25.9-6.7-33.3L280 243.2 280 120c0-13.3-10.7-24-24-24s-24 10.7-24 24z\"><\/path><\/svg><\/span><\/h3>\n\n\n\n<h3 class=\"wp-block-heading has-text-align-center has-base-color has-text-color has-link-color wp-elements-cdb233f0437f91a5818df2ddbd88f2c7\">LES HORAIRES<\/h3>\n\n\n\n<p class=\"has-text-align-center is-style-default has-base-color has-text-color has-link-color wp-elements-2238211a2d8be1a37e6df34526ac0e8a\"><strong>M<\/strong>ercredi, Jeudi, Vendredi et Samedi matin<\/p>\n\n\n\n<p><\/p>\n<\/div>\n\n\n\n<div class=\"wp-block-column is-layout-flow wp-block-column-is-layout-flow\">\n<h3 class=\"wp-block-heading has-text-align-center has-base-color has-text-color has-link-color wp-elements-4c763c52c0adc9d08daf305698d575d9\"><span class=\"wp-rich-text-font-awesome-icon wp-font-awesome-icon\"><svg aria-hidden=\"true\" focusable=\"false\" data-prefix=\"fas\" data-icon=\"phone\" class=\"svg-inline--fa fa-phone \" role=\"img\" xmlns=\"http:\/\/www.w3.org\/2000\/svg\" viewBox=\"0 0 512 512\"><path fill=\"currentColor\" d=\"M160.2 25C152.3 6.1 131.7-3.9 112.1 1.4l-5.5 1.5c-64.6 17.6-119.8 80.2-103.7 156.4 37.1 175 174.8 312.7 349.8 349.8 76.3 16.2 138.8-39.1 156.4-103.7l1.5-5.5c5.4-19.7-4.7-40.3-23.5-48.1l-97.3-40.5c-16.5-6.9-35.6-2.1-47 11.8l-38.6 47.2C233.9 335.4 177.3 277 144.8 205.3L189 169.3c13.9-11.3 18.6-30.4 11.8-47L160.2 25z\"><\/path><\/svg><\/span><\/h3>\n\n\n\n<h3 class=\"wp-block-heading has-text-align-center has-base-color has-text-color has-link-color wp-elements-b9f5e838f9fb4b8051ee5cb47c9e9811\">CONTACT<\/h3>\n\n\n\n<p class=\"has-text-align-center is-style-default has-base-color has-text-color has-link-color wp-elements-9e2ad26a809444e4ec858e39c7243558\"><strong>06 72 26 40 80<\/strong><br>muriel.faure07110(at)gmail.com<\/p>\n\n\n\n<p><\/p>\n<\/div>\n<\/div>\n<\/div>\n<\/aside>\n\n\n\n<figure class=\"wp-block-pullquote alignfull\" style=\"margin-top:0;margin-bottom:0\"><blockquote><p>\u00ab\u00a0L\u2019identit\u00e9 des adultes ayant subi un traumatisme pr\u00e9coce est fa\u00e7onn\u00e9e par la d\u00e9tresse et la dysr\u00e9gulation qu\u2019ils ont connues pendant leur enfance\u00a0\u00bb<\/p><cite><br><br>Laurence Heller<\/cite><\/blockquote><\/figure>\n","protected":false},"excerpt":{"rendered":"<p>Oui, il est possible de s\u2019all\u00e9ger du poids laiss\u00e9 par notre histoire. Nos traces traumatiques viennent de chocs ponctuels (accident, agression, op\u00e9ration, rupture, deuil\u2026) et\/ou de situations r\u00e9p\u00e9t\u00e9es de n\u00e9gligence dans nos premi\u00e8res ann\u00e9es de notre vie. Ces traces maintiennent un \u00e9tat d\u2019ins\u00e9curit\u00e9 avec une vigilance accrue au-del\u00e0 du danger. Cet \u00e9tat d\u2019ins\u00e9curit\u00e9 entretient un [&hellip;]<\/p>\n","protected":false},"author":1,"featured_media":0,"parent":0,"menu_order":0,"comment_status":"closed","ping_status":"closed","template":"page-no-title","meta":{"footnotes":""},"class_list":["post-11","page","type-page","status-publish","hentry"],"_links":{"self":[{"href":"https:\/\/murielfaure.fr\/index.php?rest_route=\/wp\/v2\/pages\/11","targetHints":{"allow":["GET"]}}],"collection":[{"href":"https:\/\/murielfaure.fr\/index.php?rest_route=\/wp\/v2\/pages"}],"about":[{"href":"https:\/\/murielfaure.fr\/index.php?rest_route=\/wp\/v2\/types\/page"}],"author":[{"embeddable":true,"href":"https:\/\/murielfaure.fr\/index.php?rest_route=\/wp\/v2\/users\/1"}],"replies":[{"embeddable":true,"href":"https:\/\/murielfaure.fr\/index.php?rest_route=%2Fwp%2Fv2%2Fcomments&post=11"}],"version-history":[{"count":26,"href":"https:\/\/murielfaure.fr\/index.php?rest_route=\/wp\/v2\/pages\/11\/revisions"}],"predecessor-version":[{"id":289,"href":"https:\/\/murielfaure.fr\/index.php?rest_route=\/wp\/v2\/pages\/11\/revisions\/289"}],"wp:attachment":[{"href":"https:\/\/murielfaure.fr\/index.php?rest_route=%2Fwp%2Fv2%2Fmedia&parent=11"}],"curies":[{"name":"wp","href":"https:\/\/api.w.org\/{rel}","templated":true}]}}